{"id":597,"date":"2017-02-06T15:15:33","date_gmt":"2017-02-06T14:15:33","guid":{"rendered":"https:\/\/747767jypwp-refonte-universal.pf7.wpserveur.net\/?page_id=597"},"modified":"2023-01-25T11:00:55","modified_gmt":"2023-01-25T10:00:55","slug":"mentions-legales","status":"publish","type":"page","link":"https:\/\/universal-effects.eu\/en\/mentions-legales\/","title":{"rendered":"Legal information"},"content":{"rendered":"<div id='av_section_1'  class='avia-section av-lq53h-c971e4a700a7098b3c865c65eec5db14 main_color avia-section-default avia-no-shadow  avia-builder-el-0  avia-builder-el-no-sibling  avia-bg-style-scroll container_wrap fullsize'  ><div class='container av-section-cont-open' ><main  role=\"main\" itemprop=\"mainContentOfPage\"  class='template-page content  av-content-full alpha units'><div class='post-entry post-entry-type-page post-entry-597'><div class='entry-content-wrapper clearfix'>\n\n<style type=\"text\/css\" data-created_by=\"avia_inline_auto\" id=\"style-css-av-g6x11-1944eb392649b9de3312965a84e58f60\">\n#top .av-special-heading.av-g6x11-1944eb392649b9de3312965a84e58f60{\npadding-bottom:40px;\n}\nbody .av-special-heading.av-g6x11-1944eb392649b9de3312965a84e58f60 .av-special-heading-tag .heading-char{\nfont-size:25px;\n}\n.av-special-heading.av-g6x11-1944eb392649b9de3312965a84e58f60 .av-subheading{\nfont-size:15px;\n}\n<\/style>\n<div  class='av-special-heading av-g6x11-1944eb392649b9de3312965a84e58f60 av-special-heading-h1  avia-builder-el-1  el_before_av_textblock  avia-builder-el-first'><h1 class='av-special-heading-tag'  itemprop=\"headline\"  >Legal information<\/h1><div class=\"special-heading-border\"><div class=\"special-heading-inner-border\"><\/div><\/div><\/div>\n<section  class='av_textblock_section av-bvi4d-143d5c338026f1e56670f807e196778a'   itemscope=\"itemscope\" itemtype=\"https:\/\/schema.org\/CreativeWork\" ><div class='avia_textblock'  itemprop=\"text\" ><p><strong>universal-effects.eu is edited by :<\/strong><\/p>\n<p>PREMIUM FACTORY SAS\u00a0repr\u00e9sent\u00e9e par son Pr\u00e9sident fondateur &#038; Directeur Technique R&#038;D, M. Jean-Yves PIZZINI,\u00a0situ\u00e9e\u00a01 Route Neuve, 71710 Montcenis,\u00a0Bourgogne \u2013\u00a0France.<\/p>\n<p>N\u00b0 Siret 84070379700018<br \/>\nIntracommunity VAT number FR47840703797<br \/>\nCapital stock \u20ac100,000<\/p>\n<p>Contacts\u00a0:<br \/>\nMail\u00a0:\u00a0direction@premiumfactory.eu<\/p>\n<p>T\u00e9l\u00a0:\u00a0+33 (0) 805 69 13 27<br \/>\nFax\u00a0:\u00a0+33 (0) 972 65 68 12<\/p>\n<p><strong>Director of publication:<\/strong><\/p>\n<p>Jean-Yves PIZZINI,<\/p>\n<p><strong>universal-effects.eu is hosted by :<\/strong><\/p>\n<p>The company Online SAS \u2013 BP 438 \u2013 75366 Paris CEDEX 08 \u2013 RCS Paris B 433 115 904.<\/p>\n<p><strong>Droit d\u2019auteur &#038; propri\u00e9t\u00e9 intellectuelle :<\/strong><\/p>\n<p>The presentation, texts and each of the elements, including brands, logos and domain names on the universal-effects.eu website belong to Universal Effects Europe and are protected by the current laws on intellectual property.<\/p>\n<p>No element composing the site (texts of the articles, images, logos, html code, ...) can be copied, reproduced, modified, republished, loaded, denatured, transmitted or distributed in any way, in a partial or integral way, without the written and preliminary authorization of Universal Effects Europe and subject to the respect of the rights of intellectual property and any other property right of which it is mentioned.<\/p>\n<\/div><\/section>","protected":false},"excerpt":{"rendered":"","protected":false},"author":2,"featured_media":0,"parent":0,"menu_order":0,"comment_status":"closed","ping_status":"closed","template":"","meta":{"_vp_format_video_url":"","_vp_image_focal_point":[],"footnotes":""},"class_list":["post-597","page","type-page","status-publish","hentry"],"yoast_head":"<!-- This site is optimized with the Yoast SEO plugin v27.3 - https:\/\/yoast.com\/product\/yoast-seo-wordpress\/ -->\n<title>Mentions l\u00e9gales - Universal-Effects<\/title>\n<meta name=\"description\" content=\"PREMIUM FACTORY SAS\u00a0repr\u00e9sent\u00e9e par son Pr\u00e9sident fondateur &amp; Directeur Technique R&amp;D, M. Jean-Yves PIZZINI,\u00a0situ\u00e9e\u00a01 Route Neuve ...\" \/>\n<meta name=\"robots\" content=\"noindex, follow\" \/>\n<meta property=\"og:locale\" content=\"en_GB\" \/>\n<meta property=\"og:type\" content=\"article\" \/>\n<meta property=\"og:title\" content=\"Mentions l\u00e9gales - Universal-Effects\" \/>\n<meta property=\"og:description\" content=\"PREMIUM FACTORY SAS\u00a0repr\u00e9sent\u00e9e par son Pr\u00e9sident fondateur &amp; Directeur Technique R&amp;D, M. Jean-Yves PIZZINI,\u00a0situ\u00e9e\u00a01 Route Neuve ...\" \/>\n<meta property=\"og:url\" content=\"https:\/\/universal-effects.eu\/en\/mentions-legales\/\" \/>\n<meta property=\"og:site_name\" content=\"Universal-Effects\" \/>\n<meta property=\"article:modified_time\" content=\"2023-01-25T10:00:55+00:00\" \/>\n<meta name=\"twitter:card\" content=\"summary_large_image\" \/>\n<meta name=\"twitter:label1\" content=\"Estimated reading time\" \/>\n\t<meta name=\"twitter:data1\" content=\"2 minutes\" \/>\n<script type=\"application\/ld+json\" class=\"yoast-schema-graph\">{\"@context\":\"https:\\\/\\\/schema.org\",\"@graph\":[{\"@type\":\"WebPage\",\"@id\":\"https:\\\/\\\/universal-effects.eu\\\/mentions-legales\\\/\",\"url\":\"https:\\\/\\\/universal-effects.eu\\\/mentions-legales\\\/\",\"name\":\"Mentions l\u00e9gales - Universal-Effects\",\"isPartOf\":{\"@id\":\"https:\\\/\\\/universal-effects.eu\\\/en\\\/#website\"},\"datePublished\":\"2017-02-06T14:15:33+00:00\",\"dateModified\":\"2023-01-25T10:00:55+00:00\",\"description\":\"PREMIUM FACTORY SAS\u00a0repr\u00e9sent\u00e9e par son Pr\u00e9sident fondateur & Directeur Technique R&D, M. Jean-Yves PIZZINI,\u00a0situ\u00e9e\u00a01 Route Neuve ...\",\"breadcrumb\":{\"@id\":\"https:\\\/\\\/universal-effects.eu\\\/mentions-legales\\\/#breadcrumb\"},\"inLanguage\":\"en-GB\",\"potentialAction\":[{\"@type\":\"ReadAction\",\"target\":[\"https:\\\/\\\/universal-effects.eu\\\/mentions-legales\\\/\"]}]},{\"@type\":\"BreadcrumbList\",\"@id\":\"https:\\\/\\\/universal-effects.eu\\\/mentions-legales\\\/#breadcrumb\",\"itemListElement\":[{\"@type\":\"ListItem\",\"position\":1,\"name\":\"Accueil\",\"item\":\"https:\\\/\\\/universal-effects.eu\\\/universal-effects-machines-a-effets-speciaux\\\/\"},{\"@type\":\"ListItem\",\"position\":2,\"name\":\"Mentions l\u00e9gales\"}]},{\"@type\":\"WebSite\",\"@id\":\"https:\\\/\\\/universal-effects.eu\\\/en\\\/#website\",\"url\":\"https:\\\/\\\/universal-effects.eu\\\/en\\\/\",\"name\":\"Universal-Effects\",\"description\":\"The Special Effects\",\"publisher\":{\"@id\":\"https:\\\/\\\/universal-effects.eu\\\/en\\\/#organization\"},\"potentialAction\":[{\"@type\":\"SearchAction\",\"target\":{\"@type\":\"EntryPoint\",\"urlTemplate\":\"https:\\\/\\\/universal-effects.eu\\\/en\\\/?s={search_term_string}\"},\"query-input\":{\"@type\":\"PropertyValueSpecification\",\"valueRequired\":true,\"valueName\":\"search_term_string\"}}],\"inLanguage\":\"en-GB\"},{\"@type\":\"Organization\",\"@id\":\"https:\\\/\\\/universal-effects.eu\\\/en\\\/#organization\",\"name\":\"Universal-Effects\",\"url\":\"https:\\\/\\\/universal-effects.eu\\\/en\\\/\",\"logo\":{\"@type\":\"ImageObject\",\"inLanguage\":\"en-GB\",\"@id\":\"https:\\\/\\\/universal-effects.eu\\\/en\\\/#\\\/schema\\\/logo\\\/image\\\/\",\"url\":\"https:\\\/\\\/dev.universal-effects.eu\\\/wp-content\\\/uploads\\\/2022\\\/06\\\/cropped-LOGO-UE-BLANC-THE-SPECIAL-EFFECTS.png\",\"contentUrl\":\"https:\\\/\\\/dev.universal-effects.eu\\\/wp-content\\\/uploads\\\/2022\\\/06\\\/cropped-LOGO-UE-BLANC-THE-SPECIAL-EFFECTS.png\",\"width\":512,\"height\":512,\"caption\":\"Universal-Effects\"},\"image\":{\"@id\":\"https:\\\/\\\/universal-effects.eu\\\/en\\\/#\\\/schema\\\/logo\\\/image\\\/\"}}]}<\/script>\n<!-- \/ Yoast SEO plugin. -->","yoast_head_json":{"title":"Mentions l\u00e9gales - Universal-Effects","description":"PREMIUM FACTORY SAS\u00a0repr\u00e9sent\u00e9e par son Pr\u00e9sident fondateur & Directeur Technique R&D, M. Jean-Yves PIZZINI,\u00a0situ\u00e9e\u00a01 Route Neuve ...","robots":{"index":"noindex","follow":"follow"},"og_locale":"en_GB","og_type":"article","og_title":"Mentions l\u00e9gales - Universal-Effects","og_description":"PREMIUM FACTORY SAS\u00a0repr\u00e9sent\u00e9e par son Pr\u00e9sident fondateur & Directeur Technique R&D, M. Jean-Yves PIZZINI,\u00a0situ\u00e9e\u00a01 Route Neuve ...","og_url":"https:\/\/universal-effects.eu\/en\/mentions-legales\/","og_site_name":"Universal-Effects","article_modified_time":"2023-01-25T10:00:55+00:00","twitter_card":"summary_large_image","twitter_misc":{"Estimated reading time":"2 minutes"},"schema":{"@context":"https:\/\/schema.org","@graph":[{"@type":"WebPage","@id":"https:\/\/universal-effects.eu\/mentions-legales\/","url":"https:\/\/universal-effects.eu\/mentions-legales\/","name":"Mentions l\u00e9gales - Universal-Effects","isPartOf":{"@id":"https:\/\/universal-effects.eu\/en\/#website"},"datePublished":"2017-02-06T14:15:33+00:00","dateModified":"2023-01-25T10:00:55+00:00","description":"PREMIUM FACTORY SAS\u00a0repr\u00e9sent\u00e9e par son Pr\u00e9sident fondateur & Directeur Technique R&D, M. Jean-Yves PIZZINI,\u00a0situ\u00e9e\u00a01 Route Neuve ...","breadcrumb":{"@id":"https:\/\/universal-effects.eu\/mentions-legales\/#breadcrumb"},"inLanguage":"en-GB","potentialAction":[{"@type":"ReadAction","target":["https:\/\/universal-effects.eu\/mentions-legales\/"]}]},{"@type":"BreadcrumbList","@id":"https:\/\/universal-effects.eu\/mentions-legales\/#breadcrumb","itemListElement":[{"@type":"ListItem","position":1,"name":"Accueil","item":"https:\/\/universal-effects.eu\/universal-effects-machines-a-effets-speciaux\/"},{"@type":"ListItem","position":2,"name":"Mentions l\u00e9gales"}]},{"@type":"WebSite","@id":"https:\/\/universal-effects.eu\/en\/#website","url":"https:\/\/universal-effects.eu\/en\/","name":"Universal-Effects","description":"The Special Effects","publisher":{"@id":"https:\/\/universal-effects.eu\/en\/#organization"},"potentialAction":[{"@type":"SearchAction","target":{"@type":"EntryPoint","urlTemplate":"https:\/\/universal-effects.eu\/en\/?s={search_term_string}"},"query-input":{"@type":"PropertyValueSpecification","valueRequired":true,"valueName":"search_term_string"}}],"inLanguage":"en-GB"},{"@type":"Organization","@id":"https:\/\/universal-effects.eu\/en\/#organization","name":"Universal-Effects","url":"https:\/\/universal-effects.eu\/en\/","logo":{"@type":"ImageObject","inLanguage":"en-GB","@id":"https:\/\/universal-effects.eu\/en\/#\/schema\/logo\/image\/","url":"https:\/\/dev.universal-effects.eu\/wp-content\/uploads\/2022\/06\/cropped-LOGO-UE-BLANC-THE-SPECIAL-EFFECTS.png","contentUrl":"https:\/\/dev.universal-effects.eu\/wp-content\/uploads\/2022\/06\/cropped-LOGO-UE-BLANC-THE-SPECIAL-EFFECTS.png","width":512,"height":512,"caption":"Universal-Effects"},"image":{"@id":"https:\/\/universal-effects.eu\/en\/#\/schema\/logo\/image\/"}}]}},"_links":{"self":[{"href":"https:\/\/universal-effects.eu\/en\/wp-json\/wp\/v2\/pages\/597","targetHints":{"allow":["GET"]}}],"collection":[{"href":"https:\/\/universal-effects.eu\/en\/wp-json\/wp\/v2\/pages"}],"about":[{"href":"https:\/\/universal-effects.eu\/en\/wp-json\/wp\/v2\/types\/page"}],"author":[{"embeddable":true,"href":"https:\/\/universal-effects.eu\/en\/wp-json\/wp\/v2\/users\/2"}],"replies":[{"embeddable":true,"href":"https:\/\/universal-effects.eu\/en\/wp-json\/wp\/v2\/comments?post=597"}],"version-history":[{"count":4,"href":"https:\/\/universal-effects.eu\/en\/wp-json\/wp\/v2\/pages\/597\/revisions"}],"predecessor-version":[{"id":2009,"href":"https:\/\/universal-effects.eu\/en\/wp-json\/wp\/v2\/pages\/597\/revisions\/2009"}],"wp:attachment":[{"href":"https:\/\/universal-effects.eu\/en\/wp-json\/wp\/v2\/media?parent=597"}],"curies":[{"name":"wp","href":"https:\/\/api.w.org\/{rel}","templated":true}]}}