{"id":643,"date":"2022-10-12T15:24:46","date_gmt":"2022-10-12T13:24:46","guid":{"rendered":"https:\/\/universal-effects.eu\/?page_id=643"},"modified":"2022-12-08T10:10:53","modified_gmt":"2022-12-08T09:10:53","slug":"societe","status":"publish","type":"page","link":"https:\/\/universal-effects.eu\/en\/societe\/","title":{"rendered":"Company"},"content":{"rendered":"<style type=\"text\/css\" data-created_by=\"avia_inline_auto\" id=\"style-css-av-9yei3-ebefca833cb4c0572d212b3fb8098b96\">\n.flex_column.av-9yei3-ebefca833cb4c0572d212b3fb8098b96{\nborder-radius:0px 0px 0px 0px;\npadding:0px 0px 0px 0px;\n}\n<\/style>\n<div  class='flex_column av-9yei3-ebefca833cb4c0572d212b3fb8098b96 av_one_full  avia-builder-el-0  el_before_av_section  avia-builder-el-no-sibling  first flex_column_div av-zero-column-padding'     ><p>\n<style type=\"text\/css\" data-created_by=\"avia_inline_auto\" id=\"style-css-av-l9ra6quw-effe507636d4757b5410936de6ebdeb4\">\n#top .av-special-heading.av-l9ra6quw-effe507636d4757b5410936de6ebdeb4{\npadding-bottom:10px;\n}\nbody .av-special-heading.av-l9ra6quw-effe507636d4757b5410936de6ebdeb4 .av-special-heading-tag .heading-char{\nfont-size:25px;\n}\n.av-special-heading.av-l9ra6quw-effe507636d4757b5410936de6ebdeb4 .av-subheading{\nfont-size:15px;\n}\n<\/style>\n<div  class='av-special-heading av-l9ra6quw-effe507636d4757b5410936de6ebdeb4 av-special-heading-h3  avia-builder-el-1  el_before_av_textblock  avia-builder-el-first'><h3 class='av-special-heading-tag'  itemprop=\"headline\"  >Company<\/h3><div class=\"special-heading-border\"><div class=\"special-heading-inner-border\"><\/div><\/div><\/div><br \/>\n<section  class='av_textblock_section av-l95nylts-a11fe88b393f9e3156ca7306c4227e19'   itemscope=\"itemscope\" itemtype=\"https:\/\/schema.org\/CreativeWork\" ><div class='avia_textblock'  itemprop=\"text\" ><div id=\"societe\" class=\"elementor-element elementor-element-b406381 first elementor-widget elementor-widget-heading\" data-id=\"b406381\" data-element_type=\"widget\" data-widget_type=\"heading.default\">\n<div class=\"elementor-widget-container\">\n<h2 class=\"elementor-heading-title elementor-size-default\"><\/h2>\n<\/div>\n<\/div>\n<div class=\"elementor-element elementor-element-885f18d elementor-widget elementor-widget-text-editor\" data-id=\"885f18d\" data-element_type=\"widget\" data-widget_type=\"text-editor.default\">\n<div class=\"elementor-widget-container\">\n<div class=\"elementor-text-editor elementor-clearfix\">\n<p>Premium Factory is the exclusive manufacturer and distributor of the following brands <a href=\"http:\/\/universal-effects.eu\/en\/\">Universal Effects<\/a> | <a href=\"http:\/\/unitedfx.eu\">United FX<\/a> | <a href=\"https:\/\/premiumfragrances.eu\/en\/\">Premium Fragrances<\/a> | <a href=\"https:\/\/premiumfluids.eu\/en\/\">Premium Fluids<\/a> | <a href=\"https:\/\/premiumsanitary.eu\/en\/\">Premium Sanitary<\/a> | <a href=\"https:\/\/premiumfx.eu\/effets\/confetti-serpentin\/\">Premium Confetti<\/a> | <a href=\"https:\/\/premiumfx.eu\/effets\/poudre-holi\/\">Premium Holi Powder<\/a>. We distribute the range of machines <a href=\"https:\/\/premiumfx.eu\/en\/effects\/sparks\/\">Sparkular<\/a> and <a href=\"https:\/\/premiumfx.eu\/en\/effects\/fire\/\">Circle Flamme<\/a> of the Brand <a href=\"https:\/\/premiumfx.eu\/en\/brand\/showven-en\/\">Showven<\/a>.<\/p>\n<p>Designed and manufactured entirely in France in its production unit located in Burgundy, our products are intended for the creation of atmospheric special effects for entertainment, leisure and events.<\/p>\n<p>Used all over the world, in all conditions, Premium Factory products are renowned for their ease of use and their versatility. An asset to meet the many needs related to the event industry.<\/p>\n<p>Premium Factory relies on more than 35 years of experience through its founder and Technical Director R&amp;D, Jean-Yves PIZZINI. An institution more than a company, our teams are passionate about their work and put all their expertise at your service.<\/p>\n<p>Our development requirements are particularly high for all our products, both in terms of choice of materials and assembly techniques. Driven by a bold mindset, we create products that transcend market performance to offer you optimal results.<\/p>\n<p>The best recipes are made from the best resources, which is why our products are made from the best performing components available on the market for long-term use.<\/p>\n<p>We are always looking for ways to improve and learn from our employees. Our goal is to offer the best possible quality to all our customers. To make this work we are constantly listening to you and we appreciate exchanging with you about the functionality of our products.<\/p>\n<\/div>\n<\/div>\n<\/div>\n<\/div><\/section><\/p><\/div><\/div><\/div><\/div><!-- close content main div --><\/div><\/div><div id='av_section_1'  class='avia-section av-7spfn-0e385cd469554ddda8f8c39d4921ce8b main_color avia-section-default avia-no-border-styling  avia-builder-el-3  el_after_av_one_full  avia-builder-el-last  avia-bg-style-scroll container_wrap fullsize'  ><div class='container av-section-cont-open' ><div class='template-page content  av-content-full alpha units'><div class='post-entry post-entry-type-page post-entry-643'><div class='entry-content-wrapper clearfix'>\n\n<style type=\"text\/css\" data-created_by=\"avia_inline_auto\" id=\"style-css-av-l9ra4hgl-c839914d9eb3521e7a798e1314343de6\">\n#top .av-special-heading.av-l9ra4hgl-c839914d9eb3521e7a798e1314343de6{\npadding-bottom:10px;\n}\nbody .av-special-heading.av-l9ra4hgl-c839914d9eb3521e7a798e1314343de6 .av-special-heading-tag .heading-char{\nfont-size:25px;\n}\n.av-special-heading.av-l9ra4hgl-c839914d9eb3521e7a798e1314343de6 .av-subheading{\nfont-size:15px;\n}\n<\/style>\n<div  class='av-special-heading av-l9ra4hgl-c839914d9eb3521e7a798e1314343de6 av-special-heading-h3  avia-builder-el-4  el_before_av_timeline  avia-builder-el-first'><h3 class='av-special-heading-tag'  itemprop=\"headline\"  >Our history since the beginning<\/h3><div class=\"special-heading-border\"><div class=\"special-heading-inner-border\"><\/div><\/div><\/div>\n<div  id=\"avia-timeline-1\"  class='avia-timeline-container av-l9r9e3p0-f393ebdfe5cb98c7f56d919f8aece37b av-slideshow-ui  avia-builder-el-5  el_after_av_heading  avia-builder-el-last' ><ul class='avia-timeline avia-timeline-vertical av-milestone-placement-left avia-timeline- avia_animate_when_almost_visible avia-timeline-animate'>\n<li  class='av-milestone av-l9r97ozd-f010706ac0dcae6bf0b6ed074656703f av-animated-generic fade-in av-milestone-valign-middle av-milestone-odd'><h2 class='av-milestone-date' id='milestone-2001' ><strong>2001<span class='av-milestone-indicator'><\/span><\/strong><\/h2><div class=\"av-milestone-icon-wrap\"><span class='av-milestone-icon milestone_icon avia-font-entypo-fontello'><span class='av-milestone-icon-inner milestone_inner'><i class='milestone-char avia-iconfont avia-font-entypo-fontello' data-av_icon='\ue82a' data-av_iconfont='entypo-fontello' ><\/i><\/span><\/span><\/div><article class='av-milestone-content-wrap'><div class='av-milestone-contentbox'><header class=\"entry-content-header\" aria-label=\"Milestone: Universal Effects Manufacture\"><h4 class='av-milestone-title'>Universal Effects Manufacture<\/h4><\/header><div class='av-milestone-content'><p>Universal Effects is the inventor of the concept of bases with interchangeable heads allowing the creation of special effects accessible to all professions of the leisure and event scene.<\/p>\n<\/div><\/div><footer class='av-milestone-article-footer entry-footer'><\/footer><\/article><\/li>\n<li  class='av-milestone av-l9r982p9-3f0e1305a20bb244ffb9bba57263f8e0 av-animated-generic fade-in av-milestone-valign-baseline av-milestone-even'><h2 class='av-milestone-date' id='milestone-2012' ><strong>2012<span class='av-milestone-indicator'><\/span><\/strong><\/h2><div class=\"av-milestone-icon-wrap\"><span class='av-milestone-icon milestone_icon avia-font-entypo-fontello'><span class='av-milestone-icon-inner milestone_inner'><i class='milestone-char avia-iconfont avia-font-entypo-fontello' data-av_icon='\ue8b1' data-av_iconfont='entypo-fontello' ><\/i><\/span><\/span><\/div><article class='av-milestone-content-wrap'><div class='av-milestone-contentbox'><header class=\"entry-content-header\" aria-label=\"Milestone: Universal Effects Europe\"><h4 class='av-milestone-title'>Universal Effects Europe<\/h4><\/header><div class='av-milestone-content'><p>After having industrialized a very traditional field, the Universal Effects brand has become known worldwide by equipping professionals and the most prestigious places. Its reputation is based on the quality of its products, which combine efficiency and durability.<\/p>\n<\/div><\/div><footer class='av-milestone-article-footer entry-footer'><\/footer><\/article><\/li>\n<li  class='av-milestone av-l9r98cvy-aa636209bcedad6474f392963b9f1729 av-animated-generic fade-in av-milestone-valign-baseline av-milestone-odd'><h2 class='av-milestone-date' id='milestone-2018' ><strong>2018<span class='av-milestone-indicator'><\/span><\/strong><\/h2><div class=\"av-milestone-icon-wrap\"><span class='av-milestone-icon milestone_icon avia-font-entypo-fontello'><span class='av-milestone-icon-inner milestone_inner'><i class='milestone-char avia-iconfont avia-font-entypo-fontello' data-av_icon='\ue810' data-av_iconfont='entypo-fontello' ><\/i><\/span><\/span><\/div><article class='av-milestone-content-wrap'><div class='av-milestone-contentbox'><header class=\"entry-content-header\" aria-label=\"Milestone: Premium Factory | Universal Effects\"><h4 class='av-milestone-title'>Premium Factory | Universal Effects<\/h4><\/header><div class='av-milestone-content'><p>Premium Factory fabrique et distribue en exclusivit\u00e9 les marques Universal Effects | United FX | Premium Fluids, Confetti &amp; Premium Fragrances au travers de sa plateforme de vente en ligne <a href=\"http:\/\/premiumfx.eu\/en\">Premium FX<\/a>.<\/p>\n<\/div><\/div><footer class='av-milestone-article-footer entry-footer'><\/footer><\/article><\/li>\n<\/ul><\/div>\n<\/p>","protected":false},"excerpt":{"rendered":"","protected":false},"author":4,"featured_media":0,"parent":0,"menu_order":0,"comment_status":"closed","ping_status":"closed","template":"","meta":{"_vp_format_video_url":"","_vp_image_focal_point":[],"footnotes":""},"class_list":["post-643","page","type-page","status-publish","hentry"],"yoast_head":"<!-- This site is optimized with the Yoast SEO plugin v27.4 - https:\/\/yoast.com\/product\/yoast-seo-wordpress\/ -->\n<title>Soci\u00e9t\u00e9 - Universal-Effects<\/title>\n<meta name=\"description\" content=\"La soci\u00e9t\u00e9 Premium Factory est fabricant et distributeur exclusif des marques Universal Effects | United FX | Premium Fragrances | Premium ...\" \/>\n<meta name=\"robots\" content=\"index, follow, max-snippet:-1, max-image-preview:large, max-video-preview:-1\" \/>\n<link rel=\"canonical\" href=\"https:\/\/universal-effects.eu\/en\/societe\/\" \/>\n<meta property=\"og:locale\" content=\"en_GB\" \/>\n<meta property=\"og:type\" content=\"article\" \/>\n<meta property=\"og:title\" content=\"Soci\u00e9t\u00e9 - Universal-Effects\" \/>\n<meta property=\"og:description\" content=\"La soci\u00e9t\u00e9 Premium Factory est fabricant et distributeur exclusif des marques Universal Effects | United FX | Premium Fragrances | Premium ...\" \/>\n<meta property=\"og:url\" content=\"https:\/\/universal-effects.eu\/en\/societe\/\" \/>\n<meta property=\"og:site_name\" content=\"Universal-Effects\" \/>\n<meta property=\"article:modified_time\" content=\"2022-12-08T09:10:53+00:00\" \/>\n<meta name=\"twitter:card\" content=\"summary_large_image\" \/>\n<meta name=\"twitter:label1\" content=\"Estimated reading time\" \/>\n\t<meta name=\"twitter:data1\" content=\"4 minutes\" \/>\n<script type=\"application\/ld+json\" class=\"yoast-schema-graph\">{\"@context\":\"https:\\\/\\\/schema.org\",\"@graph\":[{\"@type\":\"WebPage\",\"@id\":\"https:\\\/\\\/universal-effects.eu\\\/en\\\/societe\\\/\",\"url\":\"https:\\\/\\\/universal-effects.eu\\\/en\\\/societe\\\/\",\"name\":\"Soci\u00e9t\u00e9 - Universal-Effects\",\"isPartOf\":{\"@id\":\"https:\\\/\\\/universal-effects.eu\\\/en\\\/#website\"},\"datePublished\":\"2022-10-12T13:24:46+00:00\",\"dateModified\":\"2022-12-08T09:10:53+00:00\",\"description\":\"La soci\u00e9t\u00e9 Premium Factory est fabricant et distributeur exclusif des marques Universal Effects | United FX | Premium Fragrances | Premium ...\",\"breadcrumb\":{\"@id\":\"https:\\\/\\\/universal-effects.eu\\\/en\\\/societe\\\/#breadcrumb\"},\"inLanguage\":\"en-GB\",\"potentialAction\":[{\"@type\":\"ReadAction\",\"target\":[\"https:\\\/\\\/universal-effects.eu\\\/en\\\/societe\\\/\"]}]},{\"@type\":\"BreadcrumbList\",\"@id\":\"https:\\\/\\\/universal-effects.eu\\\/en\\\/societe\\\/#breadcrumb\",\"itemListElement\":[{\"@type\":\"ListItem\",\"position\":1,\"name\":\"Accueil\",\"item\":\"https:\\\/\\\/universal-effects.eu\\\/universal-effects-machines-a-effets-speciaux\\\/\"},{\"@type\":\"ListItem\",\"position\":2,\"name\":\"Soci\u00e9t\u00e9\"}]},{\"@type\":\"WebSite\",\"@id\":\"https:\\\/\\\/universal-effects.eu\\\/en\\\/#website\",\"url\":\"https:\\\/\\\/universal-effects.eu\\\/en\\\/\",\"name\":\"Universal-Effects\",\"description\":\"The Special Effects\",\"publisher\":{\"@id\":\"https:\\\/\\\/universal-effects.eu\\\/en\\\/#organization\"},\"potentialAction\":[{\"@type\":\"SearchAction\",\"target\":{\"@type\":\"EntryPoint\",\"urlTemplate\":\"https:\\\/\\\/universal-effects.eu\\\/en\\\/?s={search_term_string}\"},\"query-input\":{\"@type\":\"PropertyValueSpecification\",\"valueRequired\":true,\"valueName\":\"search_term_string\"}}],\"inLanguage\":\"en-GB\"},{\"@type\":\"Organization\",\"@id\":\"https:\\\/\\\/universal-effects.eu\\\/en\\\/#organization\",\"name\":\"Universal-Effects\",\"url\":\"https:\\\/\\\/universal-effects.eu\\\/en\\\/\",\"logo\":{\"@type\":\"ImageObject\",\"inLanguage\":\"en-GB\",\"@id\":\"https:\\\/\\\/universal-effects.eu\\\/en\\\/#\\\/schema\\\/logo\\\/image\\\/\",\"url\":\"https:\\\/\\\/dev.universal-effects.eu\\\/wp-content\\\/uploads\\\/2022\\\/06\\\/cropped-LOGO-UE-BLANC-THE-SPECIAL-EFFECTS.png\",\"contentUrl\":\"https:\\\/\\\/dev.universal-effects.eu\\\/wp-content\\\/uploads\\\/2022\\\/06\\\/cropped-LOGO-UE-BLANC-THE-SPECIAL-EFFECTS.png\",\"width\":512,\"height\":512,\"caption\":\"Universal-Effects\"},\"image\":{\"@id\":\"https:\\\/\\\/universal-effects.eu\\\/en\\\/#\\\/schema\\\/logo\\\/image\\\/\"}}]}<\/script>\n<!-- \/ Yoast SEO plugin. -->","yoast_head_json":{"title":"Soci\u00e9t\u00e9 - Universal-Effects","description":"La soci\u00e9t\u00e9 Premium Factory est fabricant et distributeur exclusif des marques Universal Effects | United FX | Premium Fragrances | Premium ...","robots":{"index":"index","follow":"follow","max-snippet":"max-snippet:-1","max-image-preview":"max-image-preview:large","max-video-preview":"max-video-preview:-1"},"canonical":"https:\/\/universal-effects.eu\/en\/societe\/","og_locale":"en_GB","og_type":"article","og_title":"Soci\u00e9t\u00e9 - Universal-Effects","og_description":"La soci\u00e9t\u00e9 Premium Factory est fabricant et distributeur exclusif des marques Universal Effects | United FX | Premium Fragrances | Premium ...","og_url":"https:\/\/universal-effects.eu\/en\/societe\/","og_site_name":"Universal-Effects","article_modified_time":"2022-12-08T09:10:53+00:00","twitter_card":"summary_large_image","twitter_misc":{"Estimated reading time":"4 minutes"},"schema":{"@context":"https:\/\/schema.org","@graph":[{"@type":"WebPage","@id":"https:\/\/universal-effects.eu\/en\/societe\/","url":"https:\/\/universal-effects.eu\/en\/societe\/","name":"Soci\u00e9t\u00e9 - Universal-Effects","isPartOf":{"@id":"https:\/\/universal-effects.eu\/en\/#website"},"datePublished":"2022-10-12T13:24:46+00:00","dateModified":"2022-12-08T09:10:53+00:00","description":"La soci\u00e9t\u00e9 Premium Factory est fabricant et distributeur exclusif des marques Universal Effects | United FX | Premium Fragrances | Premium ...","breadcrumb":{"@id":"https:\/\/universal-effects.eu\/en\/societe\/#breadcrumb"},"inLanguage":"en-GB","potentialAction":[{"@type":"ReadAction","target":["https:\/\/universal-effects.eu\/en\/societe\/"]}]},{"@type":"BreadcrumbList","@id":"https:\/\/universal-effects.eu\/en\/societe\/#breadcrumb","itemListElement":[{"@type":"ListItem","position":1,"name":"Accueil","item":"https:\/\/universal-effects.eu\/universal-effects-machines-a-effets-speciaux\/"},{"@type":"ListItem","position":2,"name":"Soci\u00e9t\u00e9"}]},{"@type":"WebSite","@id":"https:\/\/universal-effects.eu\/en\/#website","url":"https:\/\/universal-effects.eu\/en\/","name":"Universal-Effects","description":"The Special Effects","publisher":{"@id":"https:\/\/universal-effects.eu\/en\/#organization"},"potentialAction":[{"@type":"SearchAction","target":{"@type":"EntryPoint","urlTemplate":"https:\/\/universal-effects.eu\/en\/?s={search_term_string}"},"query-input":{"@type":"PropertyValueSpecification","valueRequired":true,"valueName":"search_term_string"}}],"inLanguage":"en-GB"},{"@type":"Organization","@id":"https:\/\/universal-effects.eu\/en\/#organization","name":"Universal-Effects","url":"https:\/\/universal-effects.eu\/en\/","logo":{"@type":"ImageObject","inLanguage":"en-GB","@id":"https:\/\/universal-effects.eu\/en\/#\/schema\/logo\/image\/","url":"https:\/\/dev.universal-effects.eu\/wp-content\/uploads\/2022\/06\/cropped-LOGO-UE-BLANC-THE-SPECIAL-EFFECTS.png","contentUrl":"https:\/\/dev.universal-effects.eu\/wp-content\/uploads\/2022\/06\/cropped-LOGO-UE-BLANC-THE-SPECIAL-EFFECTS.png","width":512,"height":512,"caption":"Universal-Effects"},"image":{"@id":"https:\/\/universal-effects.eu\/en\/#\/schema\/logo\/image\/"}}]}},"_links":{"self":[{"href":"https:\/\/universal-effects.eu\/en\/wp-json\/wp\/v2\/pages\/643","targetHints":{"allow":["GET"]}}],"collection":[{"href":"https:\/\/universal-effects.eu\/en\/wp-json\/wp\/v2\/pages"}],"about":[{"href":"https:\/\/universal-effects.eu\/en\/wp-json\/wp\/v2\/types\/page"}],"author":[{"embeddable":true,"href":"https:\/\/universal-effects.eu\/en\/wp-json\/wp\/v2\/users\/4"}],"replies":[{"embeddable":true,"href":"https:\/\/universal-effects.eu\/en\/wp-json\/wp\/v2\/comments?post=643"}],"version-history":[{"count":16,"href":"https:\/\/universal-effects.eu\/en\/wp-json\/wp\/v2\/pages\/643\/revisions"}],"predecessor-version":[{"id":1818,"href":"https:\/\/universal-effects.eu\/en\/wp-json\/wp\/v2\/pages\/643\/revisions\/1818"}],"wp:attachment":[{"href":"https:\/\/universal-effects.eu\/en\/wp-json\/wp\/v2\/media?parent=643"}],"curies":[{"name":"wp","href":"https:\/\/api.w.org\/{rel}","templated":true}]}}