{"id":80,"date":"2016-09-23T11:18:43","date_gmt":"2016-09-23T09:18:43","guid":{"rendered":"https:\/\/747767jypwp-refonte-universal.pf7.wpserveur.net\/?page_id=80"},"modified":"2022-11-30T17:28:14","modified_gmt":"2022-11-30T16:28:14","slug":"nos-machines","status":"publish","type":"page","link":"https:\/\/universal-effects.eu\/en\/nos-machines\/","title":{"rendered":"Our machines"},"content":{"rendered":"<style type=\"text\/css\" data-created_by=\"avia_inline_auto\" id=\"style-css-av-35to4-b6f683c95c84d89015c09ac92f7da509\">\n.avia-section.av-35to4-b6f683c95c84d89015c09ac92f7da509{\nbackground-repeat:no-repeat;\nbackground-image:url(https:\/\/universal-effects.eu\/wp-content\/uploads\/2016\/09\/banniere-Inox-Park-7.jpg);\nbackground-position:50% 50%;\nbackground-attachment:scroll;\n}\n.avia-section.av-35to4-b6f683c95c84d89015c09ac92f7da509 .av-section-color-overlay{\nopacity:0.1;\n}\n<\/style>\n<div id='fadein'  class='avia-section av-35to4-b6f683c95c84d89015c09ac92f7da509 main_color avia-section-default avia-no-shadow  avia-builder-el-0  el_before_av_section  avia-builder-el-first  av-medium-hide av-small-hide av-mini-hide avia-full-stretch avia-bg-style-scroll av-section-color-overlay-active av-minimum-height av-minimum-height-custom av-height-custom  container_wrap fullsize'  data-section-bg-repeat='stretch' data-av_minimum_height_px='350'><div class=\"av-section-color-overlay-wrap\"><div class=\"av-section-color-overlay\"><\/div><div class='container av-section-cont-open' style='height:350px'><main  role=\"main\" itemprop=\"mainContentOfPage\"  class='template-page content  av-content-full alpha units'><div class='post-entry post-entry-type-page post-entry-80'><div class='entry-content-wrapper clearfix'>\n<\/div><\/div><\/main><!-- close content main element --><\/div><\/div><\/div>\n<style type=\"text\/css\" data-created_by=\"avia_inline_auto\" id=\"style-css-av-lajv02lb-3051ffbec46c669ba6adbff98d362888\">\n.avia-section.av-lajv02lb-3051ffbec46c669ba6adbff98d362888{\nbackground-repeat:no-repeat;\nbackground-image:url(https:\/\/universal-effects.eu\/wp-content\/uploads\/2016\/11\/Inox7UE_Geoffrey_Hubbel_2016-09-03_22-12-14-2-1030x636.jpg);\nbackground-position:50% 50%;\nbackground-attachment:scroll;\n}\n.avia-section.av-lajv02lb-3051ffbec46c669ba6adbff98d362888 .av-section-color-overlay{\nopacity:0.1;\n}\n<\/style>\n<div id='fadein'  class='avia-section av-lajv02lb-3051ffbec46c669ba6adbff98d362888 main_color avia-section-no-padding avia-no-border-styling  avia-builder-el-1  el_after_av_section  el_before_av_section  av-desktop-hide avia-full-stretch avia-bg-style-scroll av-section-color-overlay-active av-minimum-height av-minimum-height-custom av-height-custom  container_wrap fullsize'  data-section-bg-repeat='stretch' data-av_minimum_height_px='200'><div class=\"av-section-color-overlay-wrap\"><div class=\"av-section-color-overlay\"><\/div><div class='container av-section-cont-open' style='height:200px'><div class='template-page content  av-content-full alpha units'><div class='post-entry post-entry-type-page post-entry-80'><div class='entry-content-wrapper clearfix'>\n<\/div><\/div><\/div><!-- close content main div --><\/div><\/div><\/div><div id='av_section_3'  class='avia-section av-2obks-67d5fc31d58e26495ba69cd28cad772b main_color avia-section-default avia-no-border-styling  avia-builder-el-2  el_after_av_section  el_before_av_icongrid  avia-bg-style-scroll container_wrap fullsize'  ><div class='container av-section-cont-open' ><div class='template-page content  av-content-full alpha units'><div class='post-entry post-entry-type-page post-entry-80'><div class='entry-content-wrapper clearfix'>\n\n<style type=\"text\/css\" data-created_by=\"avia_inline_auto\" id=\"style-css-av-wn28-bbbee3e3909776064b1b189b0996d539\">\n#top .av-special-heading.av-wn28-bbbee3e3909776064b1b189b0996d539{\npadding-bottom:50px;\n}\nbody .av-special-heading.av-wn28-bbbee3e3909776064b1b189b0996d539 .av-special-heading-tag .heading-char{\nfont-size:25px;\n}\n.av-special-heading.av-wn28-bbbee3e3909776064b1b189b0996d539 .av-subheading{\nfont-size:20px;\n}\n<\/style>\n<div  class='av-special-heading av-wn28-bbbee3e3909776064b1b189b0996d539 av-special-heading-h1 blockquote modern-quote modern-centered  avia-builder-el-3  el_before_av_codeblock  avia-builder-el-first'><h1 class='av-special-heading-tag'  itemprop=\"headline\"  >Our machines<\/h1><div class='av-subheading av-subheading_below'><p>for special effects<\/p>\n<\/div><div class=\"special-heading-border\"><div class=\"special-heading-inner-border\"><\/div><\/div><\/div>\n\n<\/div><\/div><\/div><!-- close content main div --><\/div><\/div><div id='after_section_3'  class='main_color av_default_container_wrap container_wrap fullsize'  ><div class='container av-section-cont-open' ><div class='template-page content  av-content-full alpha units'><div class='post-entry post-entry-type-page post-entry-80'><div class='entry-content-wrapper clearfix'>\n\n<style type=\"text\/css\" data-created_by=\"avia_inline_auto\" id=\"style-css-av-2kbo8-97b328a020c5e220b27dd2310ca1b087\">\n.avia-icon-grid-container.av-2kbo8-97b328a020c5e220b27dd2310ca1b087 .avia-icongrid{\njustify-content:space-between;\n}\n.avia-icon-grid-container.av-2kbo8-97b328a020c5e220b27dd2310ca1b087 .avia-icongrid-wrapper .avia-icongrid-icon{\nfont-size:50px;\n}\n<\/style>\n<div  class='avia-icon-grid-container av-2kbo8-97b328a020c5e220b27dd2310ca1b087  avia-builder-el-5  el_after_av_section  el_before_av_icon_box  avia-builder-el-first  av-medium-hide av-small-hide av-mini-hide' ><ul id='avia-icongrid-69edc9f51ad9e' class='avia-icongrid clearfix avia_animate_when_almost_visible avia-icongrid-flipbox avia-icongrid-numrow-3 avia-cell-space-between av-fixed-cells'>\n<li class='av-icon-cell-item av-row-with-3-cells av-row-nr-1 av-cell-1 av-first-cell-row av-first-cell-item'><div class='avia-icongrid-wrapper av-1zors-7d84c40d6940a48ac52a24daf36426ee'><article class='article-icon-entry'  itemscope=\"itemscope\" itemtype=\"https:\/\/schema.org\/CreativeWork\" ><div class='avia-icongrid-front'><div class=\"avia-icongrid-inner\"><div class='avia-icongrid-icon'><span class='icongrid-char avia-iconfont avia-font-entypo-fontello' data-av_icon='' data-av_iconfont='entypo-fontello' ><\/span><\/div><header class=\"entry-content-header\" aria-label=\"Icon: Fiabilit\u00e9\"><h2 class='av_icongrid_title icongrid_title'  itemprop=\"headline\" >Reliability<\/h2><\/header><\/div><\/div><div class='avia-icongrid-flipback'><div class=\"avia-icongrid-inner\"><div class='avia-icongrid-text'  itemprop=\"text\" ><p>With 20 years of experience, we guarantee the quality and reliability of our machines.<\/p>\n<\/div><\/div><\/div><\/article><\/div><\/li>\n<li class='av-icon-cell-item av-row-with-3-cells av-row-nr-1 av-cell-2 av-first-cell-row av-inner-cell-item'><div class='avia-icongrid-wrapper av-1qdw8-a7d4a26768180aa4b1c4926a3932b48f'><article class='article-icon-entry'  itemscope=\"itemscope\" itemtype=\"https:\/\/schema.org\/CreativeWork\" ><div class='avia-icongrid-front'><div class=\"avia-icongrid-inner\"><div class='avia-icongrid-icon'><span class='icongrid-char avia-iconfont avia-font-entypo-fontello' data-av_icon='\ue8de' data-av_iconfont='entypo-fontello' ><\/span><\/div><header class=\"entry-content-header\" aria-label=\"Icon: Haute performance\"><h2 class='av_icongrid_title icongrid_title'  itemprop=\"headline\" >High performance<\/h2><\/header><\/div><\/div><div class='avia-icongrid-flipback'><div class=\"avia-icongrid-inner\"><div class='avia-icongrid-text'  itemprop=\"text\" ><p>Designed by and for professionals, our machines offer unique performance and user experience.<\/p>\n<\/div><\/div><\/div><\/article><\/div><\/li>\n<li class='av-icon-cell-item av-row-with-3-cells av-row-nr-1 av-cell-3 av-first-cell-row av-last-cell-item'><div class='avia-icongrid-wrapper av-wet0-bc928397992f142258c28c7fd2d0b574'><article class='article-icon-entry'  itemscope=\"itemscope\" itemtype=\"https:\/\/schema.org\/CreativeWork\" ><div class='avia-icongrid-front'><div class=\"avia-icongrid-inner\"><div class='avia-icongrid-icon'><span class='icongrid-char avia-iconfont avia-font-fontello' data-av_icon='\ue805' data-av_iconfont='fontello' ><\/span><\/div><header class=\"entry-content-header\" aria-label=\"Icon: Fabrication fran\u00e7aise\"><h2 class='av_icongrid_title icongrid_title'  itemprop=\"headline\" >French manufacturing<\/h2><\/header><\/div><\/div><div class='avia-icongrid-flipback'><div class=\"avia-icongrid-inner\"><div class='avia-icongrid-text'  itemprop=\"text\" ><p>Our machines are developed and manufactured in our factory in France.<\/p>\n<\/div><\/div><\/div><\/article><\/div><\/li>\n<\/ul><\/div>\n<article  class='iconbox iconbox_left av-laju62ve-642ac2715390304e415250a548cc0a42  avia-builder-el-6  el_after_av_icongrid  el_before_av_icon_box  av-desktop-hide'  itemscope=\"itemscope\" itemtype=\"https:\/\/schema.org\/CreativeWork\" ><div class=\"iconbox_content\"><header class=\"entry-content-header\" aria-label=\"Icon: Fiabilit\u00e9\"><div class='iconbox_icon heading-color avia-iconfont avia-font-entypo-fontello' data-av_icon='\ue856' data-av_iconfont='entypo-fontello'  ><\/div><h3 class='iconbox_content_title'  itemprop=\"headline\" >Reliability<\/h3><\/header><div class='iconbox_content_container'  itemprop=\"text\" ><p>With 20 years of experience, we guarantee the quality and reliability of our machines.<\/p>\n<\/div><\/div><footer class=\"entry-footer\"><\/footer><\/article>\n<article  class='iconbox iconbox_left av-laju9hej-1db9e4bf2c9e21cdfee3fba9252fa3c7  avia-builder-el-7  el_after_av_icon_box  el_before_av_icon_box  av-desktop-hide'  itemscope=\"itemscope\" itemtype=\"https:\/\/schema.org\/CreativeWork\" ><div class=\"iconbox_content\"><header class=\"entry-content-header\" aria-label=\"Icon: Haute performance\"><div class='iconbox_icon heading-color avia-iconfont avia-font-entypo-fontello' data-av_icon='\ue8de' data-av_iconfont='entypo-fontello'  ><\/div><h3 class='iconbox_content_title'  itemprop=\"headline\" >High performance<\/h3><\/header><div class='iconbox_content_container'  itemprop=\"text\" ><p>Designed by and for professionals, our machines offer unique performance and user experience.<\/p>\n<\/div><\/div><footer class=\"entry-footer\"><\/footer><\/article>\n<article  class='iconbox iconbox_left av-lajubjdv-91b1e536283e5c06ffe50ac3b10ad60f  avia-builder-el-8  el_after_av_icon_box  avia-builder-el-last  av-desktop-hide'  itemscope=\"itemscope\" itemtype=\"https:\/\/schema.org\/CreativeWork\" ><div class=\"iconbox_content\"><header class=\"entry-content-header\" aria-label=\"Icon: Fabrication fran\u00e7aise\"><div class='iconbox_icon heading-color avia-iconfont avia-font-fontello' data-av_icon='\ue805' data-av_iconfont='fontello'  ><\/div><h3 class='iconbox_content_title'  itemprop=\"headline\" >French manufacturing<\/h3><\/header><div class='iconbox_content_container'  itemprop=\"text\" ><p>Our machines are developed and manufactured in our factory in France.<\/p>\n<\/div><\/div><footer class=\"entry-footer\"><\/footer><\/article>","protected":false},"excerpt":{"rendered":"","protected":false},"author":2,"featured_media":0,"parent":0,"menu_order":0,"comment_status":"closed","ping_status":"closed","template":"","meta":{"_vp_format_video_url":"","_vp_image_focal_point":[],"footnotes":""},"class_list":["post-80","page","type-page","status-publish","hentry"],"yoast_head":"<!-- This site is optimized with the Yoast SEO plugin v27.4 - https:\/\/yoast.com\/product\/yoast-seo-wordpress\/ -->\n<title>Nos machines - Universal-Effects<\/title>\n<meta name=\"description\" content=\"Toute la gamme de nos machines \u00e0 effets sp\u00e9ciaux Universal Effects. A l&#039;\u00e9coute de vos besoins professionnels.\" \/>\n<meta name=\"robots\" content=\"index, follow, max-snippet:-1, max-image-preview:large, max-video-preview:-1\" \/>\n<link rel=\"canonical\" href=\"https:\/\/universal-effects.eu\/en\/nos-machines\/\" \/>\n<meta property=\"og:locale\" content=\"en_GB\" \/>\n<meta property=\"og:type\" content=\"article\" \/>\n<meta property=\"og:title\" content=\"Nos machines - Universal-Effects\" \/>\n<meta property=\"og:description\" content=\"Toute la gamme de nos machines \u00e0 effets sp\u00e9ciaux Universal Effects. A l&#039;\u00e9coute de vos besoins professionnels.\" \/>\n<meta property=\"og:url\" content=\"https:\/\/universal-effects.eu\/en\/nos-machines\/\" \/>\n<meta property=\"og:site_name\" content=\"Universal-Effects\" \/>\n<meta property=\"article:modified_time\" content=\"2022-11-30T16:28:14+00:00\" \/>\n<meta name=\"twitter:card\" content=\"summary_large_image\" \/>\n<meta name=\"twitter:label1\" content=\"Estimated reading time\" \/>\n\t<meta name=\"twitter:data1\" content=\"4 minutes\" \/>\n<script type=\"application\/ld+json\" class=\"yoast-schema-graph\">{\"@context\":\"https:\\\/\\\/schema.org\",\"@graph\":[{\"@type\":\"WebPage\",\"@id\":\"https:\\\/\\\/universal-effects.eu\\\/nos-machines\\\/\",\"url\":\"https:\\\/\\\/universal-effects.eu\\\/nos-machines\\\/\",\"name\":\"Nos machines - Universal-Effects\",\"isPartOf\":{\"@id\":\"https:\\\/\\\/universal-effects.eu\\\/en\\\/#website\"},\"datePublished\":\"2016-09-23T09:18:43+00:00\",\"dateModified\":\"2022-11-30T16:28:14+00:00\",\"description\":\"Toute la gamme de nos machines \u00e0 effets sp\u00e9ciaux Universal Effects. A l'\u00e9coute de vos besoins professionnels.\",\"breadcrumb\":{\"@id\":\"https:\\\/\\\/universal-effects.eu\\\/nos-machines\\\/#breadcrumb\"},\"inLanguage\":\"en-GB\",\"potentialAction\":[{\"@type\":\"ReadAction\",\"target\":[\"https:\\\/\\\/universal-effects.eu\\\/nos-machines\\\/\"]}]},{\"@type\":\"BreadcrumbList\",\"@id\":\"https:\\\/\\\/universal-effects.eu\\\/nos-machines\\\/#breadcrumb\",\"itemListElement\":[{\"@type\":\"ListItem\",\"position\":1,\"name\":\"Accueil\",\"item\":\"https:\\\/\\\/universal-effects.eu\\\/universal-effects-machines-a-effets-speciaux\\\/\"},{\"@type\":\"ListItem\",\"position\":2,\"name\":\"Nos machines\"}]},{\"@type\":\"WebSite\",\"@id\":\"https:\\\/\\\/universal-effects.eu\\\/en\\\/#website\",\"url\":\"https:\\\/\\\/universal-effects.eu\\\/en\\\/\",\"name\":\"Universal-Effects\",\"description\":\"The Special Effects\",\"publisher\":{\"@id\":\"https:\\\/\\\/universal-effects.eu\\\/en\\\/#organization\"},\"potentialAction\":[{\"@type\":\"SearchAction\",\"target\":{\"@type\":\"EntryPoint\",\"urlTemplate\":\"https:\\\/\\\/universal-effects.eu\\\/en\\\/?s={search_term_string}\"},\"query-input\":{\"@type\":\"PropertyValueSpecification\",\"valueRequired\":true,\"valueName\":\"search_term_string\"}}],\"inLanguage\":\"en-GB\"},{\"@type\":\"Organization\",\"@id\":\"https:\\\/\\\/universal-effects.eu\\\/en\\\/#organization\",\"name\":\"Universal-Effects\",\"url\":\"https:\\\/\\\/universal-effects.eu\\\/en\\\/\",\"logo\":{\"@type\":\"ImageObject\",\"inLanguage\":\"en-GB\",\"@id\":\"https:\\\/\\\/universal-effects.eu\\\/en\\\/#\\\/schema\\\/logo\\\/image\\\/\",\"url\":\"https:\\\/\\\/dev.universal-effects.eu\\\/wp-content\\\/uploads\\\/2022\\\/06\\\/cropped-LOGO-UE-BLANC-THE-SPECIAL-EFFECTS.png\",\"contentUrl\":\"https:\\\/\\\/dev.universal-effects.eu\\\/wp-content\\\/uploads\\\/2022\\\/06\\\/cropped-LOGO-UE-BLANC-THE-SPECIAL-EFFECTS.png\",\"width\":512,\"height\":512,\"caption\":\"Universal-Effects\"},\"image\":{\"@id\":\"https:\\\/\\\/universal-effects.eu\\\/en\\\/#\\\/schema\\\/logo\\\/image\\\/\"}}]}<\/script>\n<!-- \/ Yoast SEO plugin. -->","yoast_head_json":{"title":"Nos machines - Universal-Effects","description":"Toute la gamme de nos machines \u00e0 effets sp\u00e9ciaux Universal Effects. A l'\u00e9coute de vos besoins professionnels.","robots":{"index":"index","follow":"follow","max-snippet":"max-snippet:-1","max-image-preview":"max-image-preview:large","max-video-preview":"max-video-preview:-1"},"canonical":"https:\/\/universal-effects.eu\/en\/nos-machines\/","og_locale":"en_GB","og_type":"article","og_title":"Nos machines - Universal-Effects","og_description":"Toute la gamme de nos machines \u00e0 effets sp\u00e9ciaux Universal Effects. A l'\u00e9coute de vos besoins professionnels.","og_url":"https:\/\/universal-effects.eu\/en\/nos-machines\/","og_site_name":"Universal-Effects","article_modified_time":"2022-11-30T16:28:14+00:00","twitter_card":"summary_large_image","twitter_misc":{"Estimated reading time":"4 minutes"},"schema":{"@context":"https:\/\/schema.org","@graph":[{"@type":"WebPage","@id":"https:\/\/universal-effects.eu\/nos-machines\/","url":"https:\/\/universal-effects.eu\/nos-machines\/","name":"Nos machines - Universal-Effects","isPartOf":{"@id":"https:\/\/universal-effects.eu\/en\/#website"},"datePublished":"2016-09-23T09:18:43+00:00","dateModified":"2022-11-30T16:28:14+00:00","description":"Toute la gamme de nos machines \u00e0 effets sp\u00e9ciaux Universal Effects. A l'\u00e9coute de vos besoins professionnels.","breadcrumb":{"@id":"https:\/\/universal-effects.eu\/nos-machines\/#breadcrumb"},"inLanguage":"en-GB","potentialAction":[{"@type":"ReadAction","target":["https:\/\/universal-effects.eu\/nos-machines\/"]}]},{"@type":"BreadcrumbList","@id":"https:\/\/universal-effects.eu\/nos-machines\/#breadcrumb","itemListElement":[{"@type":"ListItem","position":1,"name":"Accueil","item":"https:\/\/universal-effects.eu\/universal-effects-machines-a-effets-speciaux\/"},{"@type":"ListItem","position":2,"name":"Nos machines"}]},{"@type":"WebSite","@id":"https:\/\/universal-effects.eu\/en\/#website","url":"https:\/\/universal-effects.eu\/en\/","name":"Universal-Effects","description":"The Special Effects","publisher":{"@id":"https:\/\/universal-effects.eu\/en\/#organization"},"potentialAction":[{"@type":"SearchAction","target":{"@type":"EntryPoint","urlTemplate":"https:\/\/universal-effects.eu\/en\/?s={search_term_string}"},"query-input":{"@type":"PropertyValueSpecification","valueRequired":true,"valueName":"search_term_string"}}],"inLanguage":"en-GB"},{"@type":"Organization","@id":"https:\/\/universal-effects.eu\/en\/#organization","name":"Universal-Effects","url":"https:\/\/universal-effects.eu\/en\/","logo":{"@type":"ImageObject","inLanguage":"en-GB","@id":"https:\/\/universal-effects.eu\/en\/#\/schema\/logo\/image\/","url":"https:\/\/dev.universal-effects.eu\/wp-content\/uploads\/2022\/06\/cropped-LOGO-UE-BLANC-THE-SPECIAL-EFFECTS.png","contentUrl":"https:\/\/dev.universal-effects.eu\/wp-content\/uploads\/2022\/06\/cropped-LOGO-UE-BLANC-THE-SPECIAL-EFFECTS.png","width":512,"height":512,"caption":"Universal-Effects"},"image":{"@id":"https:\/\/universal-effects.eu\/en\/#\/schema\/logo\/image\/"}}]}},"_links":{"self":[{"href":"https:\/\/universal-effects.eu\/en\/wp-json\/wp\/v2\/pages\/80","targetHints":{"allow":["GET"]}}],"collection":[{"href":"https:\/\/universal-effects.eu\/en\/wp-json\/wp\/v2\/pages"}],"about":[{"href":"https:\/\/universal-effects.eu\/en\/wp-json\/wp\/v2\/types\/page"}],"author":[{"embeddable":true,"href":"https:\/\/universal-effects.eu\/en\/wp-json\/wp\/v2\/users\/2"}],"replies":[{"embeddable":true,"href":"https:\/\/universal-effects.eu\/en\/wp-json\/wp\/v2\/comments?post=80"}],"version-history":[{"count":86,"href":"https:\/\/universal-effects.eu\/en\/wp-json\/wp\/v2\/pages\/80\/revisions"}],"predecessor-version":[{"id":1732,"href":"https:\/\/universal-effects.eu\/en\/wp-json\/wp\/v2\/pages\/80\/revisions\/1732"}],"wp:attachment":[{"href":"https:\/\/universal-effects.eu\/en\/wp-json\/wp\/v2\/media?parent=80"}],"curies":[{"name":"wp","href":"https:\/\/api.w.org\/{rel}","templated":true}]}}